{"id":125,"date":"2021-07-05T09:17:15","date_gmt":"2021-07-05T09:17:15","guid":{"rendered":"https:\/\/mini-luna.muggels.de\/?page_id=125"},"modified":"2021-07-05T09:30:20","modified_gmt":"2021-07-05T09:30:20","slug":"tickets","status":"publish","type":"page","link":"https:\/\/mini-luna.muggels.de\/?page_id=125","title":{"rendered":"Tickets"},"content":{"rendered":"\n<ul class=\"wp-block-list\"><li><strong>Mini-Luna Festival vom 6.8.2021 bis 8.8.2021.<\/strong><\/li><\/ul>\n\n\n\n<p><\/p>\n\n\n\n<p><\/p>\n\n\n\n<p><\/p>\n\n\n\n<p>Die Tickets behalten auch ihre G\u00fcltigkeit f\u00fcr den Fall, das das Festival verschoben werden muss.<\/p>\n\n\n\n<p>F\u00fcr diesen Fall wird es dann aktualisierte Tickets geben<\/p>\n\n\n\n<p><\/p>\n\n\n\n<div class=\"wpforms-container wpforms-container-full\" id=\"wpforms-123\"><form id=\"wpforms-form-123\" class=\"wpforms-validate wpforms-form\" data-formid=\"123\" method=\"post\" enctype=\"multipart\/form-data\" action=\"\/index.php?rest_route=%2Fwp%2Fv2%2Fpages%2F125\" data-token=\"5255063da3d6413c02b8a13307be26a8\"><noscript class=\"wpforms-error-noscript\">Bitte aktiviere JavaScript in deinem Browser, um dieses Formular fertigzustellen.<\/noscript><div class=\"wpforms-field-container\"><div id=\"wpforms-123-field_0-container\" class=\"wpforms-field wpforms-field-name\" data-field-id=\"0\"><label class=\"wpforms-field-label\" for=\"wpforms-123-field_0\">Name <span class=\"wpforms-required-label\">*<\/span><\/label><div class=\"wpforms-field-row wpforms-field-medium\"><div class=\"wpforms-field-row-block wpforms-first wpforms-one-half\"><input type=\"text\" id=\"wpforms-123-field_0\" class=\"wpforms-field-name-first wpforms-field-required\" name=\"wpforms[fields][0][first]\" required><label for=\"wpforms-123-field_0\" class=\"wpforms-field-sublabel after \">Vorname<\/label><\/div><div class=\"wpforms-field-row-block wpforms-one-half\"><input type=\"text\" id=\"wpforms-123-field_0-last\" class=\"wpforms-field-name-last wpforms-field-required\" name=\"wpforms[fields][0][last]\" required><label for=\"wpforms-123-field_0-last\" class=\"wpforms-field-sublabel after \">Nachname<\/label><\/div><\/div><\/div><div id=\"wpforms-123-field_5-container\" class=\"wpforms-field wpforms-field-textarea\" data-field-id=\"5\"><label class=\"wpforms-field-label\" for=\"wpforms-123-field_5\">Anschrift <span class=\"wpforms-required-label\">*<\/span><\/label><textarea id=\"wpforms-123-field_5\" class=\"wpforms-field-medium wpforms-field-required\" name=\"wpforms[fields][5]\" required><\/textarea><div class=\"wpforms-field-description\">Lieferadresse f\u00fcr die Tickets<\/div><\/div><div id=\"wpforms-123-field_1-container\" class=\"wpforms-field wpforms-field-email\" data-field-id=\"1\"><label class=\"wpforms-field-label\" for=\"wpforms-123-field_1\">E-Mail <span class=\"wpforms-required-label\">*<\/span><\/label><input type=\"email\" id=\"wpforms-123-field_1\" class=\"wpforms-field-medium wpforms-field-required\" name=\"wpforms[fields][1]\" required><\/div><div id=\"wpforms-123-field_3-container\" class=\"wpforms-field wpforms-field-select wpforms-field-select-style-classic\" data-field-id=\"3\"><label class=\"wpforms-field-label\" for=\"wpforms-123-field_3\">Anzahl <span class=\"wpforms-required-label\">*<\/span><\/label><select id=\"wpforms-123-field_3\" class=\"wpforms-field-medium wpforms-field-required\" name=\"wpforms[fields][3]\" required=\"required\"><option value=\"1 Ticket\" >1 Ticket<\/option><option value=\"2 Tickets\" >2 Tickets<\/option><option value=\"3 Tickets\" >3 Tickets<\/option><\/select><div class=\"wpforms-field-description\">Jedes Ticket berechtigt auch zur Benutzung der Camping-Area<\/div><\/div><div id=\"wpforms-123-field_2-container\" class=\"wpforms-field wpforms-field-textarea\" data-field-id=\"2\"><label class=\"wpforms-field-label\" for=\"wpforms-123-field_2\">Kommentar oder Nachricht <span class=\"wpforms-required-label\">*<\/span><\/label><textarea id=\"wpforms-123-field_2\" class=\"wpforms-field-medium wpforms-field-required\" name=\"wpforms[fields][2]\" required><\/textarea><\/div><\/div><div class=\"wpforms-submit-container\"><input type=\"hidden\" name=\"wpforms[id]\" value=\"123\"><input type=\"hidden\" name=\"wpforms[author]\" value=\"3\"><button type=\"submit\" name=\"wpforms[submit]\" id=\"wpforms-submit-123\" class=\"wpforms-submit\" data-alt-text=\"Senden...\" data-submit-text=\"Absenden\" aria-live=\"assertive\" value=\"wpforms-submit\">Absenden<\/button><\/div><\/form><\/div>  <!-- .wpforms-container -->\n","protected":false},"excerpt":{"rendered":"<p>Mini-Luna Festival vom 6.8.2021 bis 8.8.2021. Die Tickets behalten auch ihre G\u00fcltigkeit f\u00fcr den Fall, das das Festival verschoben werden muss. F\u00fcr diesen Fall wird es dann aktualisierte Tickets geben<\/p>\n","protected":false},"author":3,"featured_media":0,"parent":0,"menu_order":0,"comment_status":"closed","ping_status":"closed","template":"","meta":{"footnotes":""},"class_list":["post-125","page","type-page","status-publish"],"_links":{"self":[{"href":"https:\/\/mini-luna.muggels.de\/index.php?rest_route=\/wp\/v2\/pages\/125","targetHints":{"allow":["GET"]}}],"collection":[{"href":"https:\/\/mini-luna.muggels.de\/index.php?rest_route=\/wp\/v2\/pages"}],"about":[{"href":"https:\/\/mini-luna.muggels.de\/index.php?rest_route=\/wp\/v2\/types\/page"}],"author":[{"embeddable":true,"href":"https:\/\/mini-luna.muggels.de\/index.php?rest_route=\/wp\/v2\/users\/3"}],"replies":[{"embeddable":true,"href":"https:\/\/mini-luna.muggels.de\/index.php?rest_route=%2Fwp%2Fv2%2Fcomments&post=125"}],"version-history":[{"count":7,"href":"https:\/\/mini-luna.muggels.de\/index.php?rest_route=\/wp\/v2\/pages\/125\/revisions"}],"predecessor-version":[{"id":135,"href":"https:\/\/mini-luna.muggels.de\/index.php?rest_route=\/wp\/v2\/pages\/125\/revisions\/135"}],"wp:attachment":[{"href":"https:\/\/mini-luna.muggels.de\/index.php?rest_route=%2Fwp%2Fv2%2Fmedia&parent=125"}],"curies":[{"name":"wp","href":"https:\/\/api.w.org\/{rel}","templated":true}]}}